{"id":1434,"date":"2023-10-06T07:11:05","date_gmt":"2023-10-06T07:11:05","guid":{"rendered":"https:\/\/fzeenretreats.dope.studio\/classic-luxury-stay\/"},"modified":"2023-10-27T09:40:10","modified_gmt":"2023-10-27T09:40:10","slug":"classic-luxury-stay","status":"publish","type":"page","link":"https:\/\/fzeenretreats.dope.studio\/fr\/athens\/stay\/","title":{"rendered":"H\u00c9BERGEMENT DE LUXE \u00c0 ATH\u00c8NES"},"content":{"rendered":"\n<p><\/p>\n\n\n\n<p><\/p>\n","protected":false},"excerpt":{"rendered":"","protected":false},"author":1,"featured_media":1323,"parent":0,"menu_order":6,"comment_status":"closed","ping_status":"closed","template":"page-rooms.php","meta":{"_acf_changed":false,"_monsterinsights_skip_tracking":false,"_monsterinsights_sitenote_active":false,"_monsterinsights_sitenote_note":"","_monsterinsights_sitenote_category":0,"_uf_show_specific_survey":0,"_uf_disable_surveys":false,"footnotes":""},"location":[2],"class_list":["post-1434","page","type-page","status-publish","has-post-thumbnail","hentry","location-athens"],"acf":[],"aioseo_notices":[],"_links":{"self":[{"href":"https:\/\/fzeenretreats.dope.studio\/fr\/wp-json\/wp\/v2\/pages\/1434","targetHints":{"allow":["GET"]}}],"collection":[{"href":"https:\/\/fzeenretreats.dope.studio\/fr\/wp-json\/wp\/v2\/pages"}],"about":[{"href":"https:\/\/fzeenretreats.dope.studio\/fr\/wp-json\/wp\/v2\/types\/page"}],"author":[{"embeddable":true,"href":"https:\/\/fzeenretreats.dope.studio\/fr\/wp-json\/wp\/v2\/users\/1"}],"replies":[{"embeddable":true,"href":"https:\/\/fzeenretreats.dope.studio\/fr\/wp-json\/wp\/v2\/comments?post=1434"}],"version-history":[{"count":8,"href":"https:\/\/fzeenretreats.dope.studio\/fr\/wp-json\/wp\/v2\/pages\/1434\/revisions"}],"predecessor-version":[{"id":2151,"href":"https:\/\/fzeenretreats.dope.studio\/fr\/wp-json\/wp\/v2\/pages\/1434\/revisions\/2151"}],"wp:featuredmedia":[{"embeddable":true,"href":"https:\/\/fzeenretreats.dope.studio\/fr\/wp-json\/wp\/v2\/media\/1323"}],"wp:attachment":[{"href":"https:\/\/fzeenretreats.dope.studio\/fr\/wp-json\/wp\/v2\/media?parent=1434"}],"wp:term":[{"taxonomy":"location","embeddable":true,"href":"https:\/\/fzeenretreats.dope.studio\/fr\/wp-json\/wp\/v2\/location?post=1434"}],"curies":[{"name":"wp","href":"https:\/\/api.w.org\/{rel}","templated":true}]}}