{"id":1620,"date":"2023-10-13T12:02:37","date_gmt":"2023-10-13T12:02:37","guid":{"rendered":"https:\/\/fzeenretreats.dope.studio\/boutique-shop\/test-shop\/"},"modified":"2024-01-26T08:59:27","modified_gmt":"2024-01-26T08:59:27","slug":"shop","status":"publish","type":"page","link":"https:\/\/fzeenretreats.dope.studio\/fr\/athens\/boutique-shop\/","title":{"rendered":"UN LUXE S\u00c9LECTIONN\u00c9 \u00c0 LA MAIN"},"content":{"rendered":"","protected":false},"excerpt":{"rendered":"","protected":false},"author":1,"featured_media":1469,"parent":1627,"menu_order":0,"comment_status":"closed","ping_status":"closed","template":"page-shop-by-category.php","meta":{"_acf_changed":false,"_monsterinsights_skip_tracking":false,"_monsterinsights_sitenote_active":false,"_monsterinsights_sitenote_note":"","_monsterinsights_sitenote_category":0,"_uf_show_specific_survey":0,"_uf_disable_surveys":false,"footnotes":""},"location":[2],"class_list":["post-1620","page","type-page","status-publish","has-post-thumbnail","hentry","location-athens"],"acf":[],"aioseo_notices":[],"_links":{"self":[{"href":"https:\/\/fzeenretreats.dope.studio\/fr\/wp-json\/wp\/v2\/pages\/1620","targetHints":{"allow":["GET"]}}],"collection":[{"href":"https:\/\/fzeenretreats.dope.studio\/fr\/wp-json\/wp\/v2\/pages"}],"about":[{"href":"https:\/\/fzeenretreats.dope.studio\/fr\/wp-json\/wp\/v2\/types\/page"}],"author":[{"embeddable":true,"href":"https:\/\/fzeenretreats.dope.studio\/fr\/wp-json\/wp\/v2\/users\/1"}],"replies":[{"embeddable":true,"href":"https:\/\/fzeenretreats.dope.studio\/fr\/wp-json\/wp\/v2\/comments?post=1620"}],"version-history":[{"count":22,"href":"https:\/\/fzeenretreats.dope.studio\/fr\/wp-json\/wp\/v2\/pages\/1620\/revisions"}],"predecessor-version":[{"id":4362,"href":"https:\/\/fzeenretreats.dope.studio\/fr\/wp-json\/wp\/v2\/pages\/1620\/revisions\/4362"}],"up":[{"embeddable":true,"href":"https:\/\/fzeenretreats.dope.studio\/fr\/wp-json\/wp\/v2\/pages\/1627"}],"wp:featuredmedia":[{"embeddable":true,"href":"https:\/\/fzeenretreats.dope.studio\/fr\/wp-json\/wp\/v2\/media\/1469"}],"wp:attachment":[{"href":"https:\/\/fzeenretreats.dope.studio\/fr\/wp-json\/wp\/v2\/media?parent=1620"}],"wp:term":[{"taxonomy":"location","embeddable":true,"href":"https:\/\/fzeenretreats.dope.studio\/fr\/wp-json\/wp\/v2\/location?post=1620"}],"curies":[{"name":"wp","href":"https:\/\/api.w.org\/{rel}","templated":true}]}}