{"id":3326,"date":"2023-12-15T09:40:58","date_gmt":"2023-12-15T09:40:58","guid":{"rendered":"https:\/\/www.fzeenretreats.com\/?page_id=3326"},"modified":"2024-01-02T11:52:52","modified_gmt":"2024-01-02T11:52:52","slug":"hebergement-de-luxe-a-cephalonie","status":"publish","type":"page","link":"https:\/\/fzeenretreats.dope.studio\/fr\/kefalonia\/stay\/","title":{"rendered":"H\u00c9BERGEMENT DE LUXE \u00c0 C\u00c9PHALONIE"},"content":{"rendered":"","protected":false},"excerpt":{"rendered":"","protected":false},"author":4,"featured_media":6078,"parent":0,"menu_order":0,"comment_status":"closed","ping_status":"closed","template":"page-rooms.php","meta":{"_acf_changed":false,"_monsterinsights_skip_tracking":false,"_monsterinsights_sitenote_active":false,"_monsterinsights_sitenote_note":"","_monsterinsights_sitenote_category":0,"_uf_show_specific_survey":0,"_uf_disable_surveys":false,"footnotes":""},"location":[3],"class_list":["post-3326","page","type-page","status-publish","has-post-thumbnail","hentry","location-kefalonia"],"acf":[],"aioseo_notices":[],"_links":{"self":[{"href":"https:\/\/fzeenretreats.dope.studio\/fr\/wp-json\/wp\/v2\/pages\/3326","targetHints":{"allow":["GET"]}}],"collection":[{"href":"https:\/\/fzeenretreats.dope.studio\/fr\/wp-json\/wp\/v2\/pages"}],"about":[{"href":"https:\/\/fzeenretreats.dope.studio\/fr\/wp-json\/wp\/v2\/types\/page"}],"author":[{"embeddable":true,"href":"https:\/\/fzeenretreats.dope.studio\/fr\/wp-json\/wp\/v2\/users\/4"}],"replies":[{"embeddable":true,"href":"https:\/\/fzeenretreats.dope.studio\/fr\/wp-json\/wp\/v2\/comments?post=3326"}],"version-history":[{"count":2,"href":"https:\/\/fzeenretreats.dope.studio\/fr\/wp-json\/wp\/v2\/pages\/3326\/revisions"}],"predecessor-version":[{"id":3328,"href":"https:\/\/fzeenretreats.dope.studio\/fr\/wp-json\/wp\/v2\/pages\/3326\/revisions\/3328"}],"wp:featuredmedia":[{"embeddable":true,"href":"https:\/\/fzeenretreats.dope.studio\/fr\/wp-json\/wp\/v2\/media\/6078"}],"wp:attachment":[{"href":"https:\/\/fzeenretreats.dope.studio\/fr\/wp-json\/wp\/v2\/media?parent=3326"}],"wp:term":[{"taxonomy":"location","embeddable":true,"href":"https:\/\/fzeenretreats.dope.studio\/fr\/wp-json\/wp\/v2\/location?post=3326"}],"curies":[{"name":"wp","href":"https:\/\/api.w.org\/{rel}","templated":true}]}}